{"id":6490,"date":"2019-03-05T17:56:07","date_gmt":"2019-03-05T16:56:07","guid":{"rendered":"https:\/\/build-grow.org\/?page_id=6490"},"modified":"2025-11-11T21:31:28","modified_gmt":"2025-11-11T20:31:28","slug":"referenzen","status":"publish","type":"page","link":"https:\/\/build-grow.org\/de\/referenzen\/","title":{"rendered":"Referenzen"},"content":{"rendered":"[vc_row type=&#8220;full_width_background&#8220; full_screen_row_position=&#8220;middle&#8220; column_margin=&#8220;default&#8220; column_direction=&#8220;default&#8220; column_direction_tablet=&#8220;default&#8220; column_direction_phone=&#8220;default&#8220; bg_color=&#8220;#f2f2f2&#8243; scene_position=&#8220;center&#8220; top_padding=&#8220;2%&#8220; bottom_padding=&#8220;2%&#8220; text_color=&#8220;dark&#8220; text_align=&#8220;left&#8220; row_border_radius=&#8220;none&#8220; row_border_radius_applies=&#8220;bg&#8220; overflow=&#8220;visible&#8220; id=&#8220;footage&#8220; row_name=&#8220;Action Footage&#8220; overlay_strength=&#8220;0.3&#8243; gradient_direction=&#8220;left_to_right&#8220; shape_divider_position=&#8220;bottom&#8220; bg_image_animation=&#8220;none&#8220; gradient_type=&#8220;default&#8220; shape_type=&#8220;&#8220;][vc_column column_padding=&#8220;no-extra-padding&#8220; column_padding_tablet=&#8220;inherit&#8220; column_padding_phone=&#8220;inherit&#8220; column_padding_position=&#8220;all&#8220; column_element_direction_desktop=&#8220;default&#8220; column_element_spacing=&#8220;default&#8220; desktop_text_alignment=&#8220;default&#8220; tablet_text_alignment=&#8220;default&#8220; phone_text_alignment=&#8220;default&#8220; background_color_opacity=&#8220;1&#8243; background_hover_color_opacity=&#8220;1&#8243; column_backdrop_filter=&#8220;none&#8220; column_shadow=&#8220;none&#8220; column_border_radius=&#8220;none&#8220; column_link_target=&#8220;_self&#8220; column_position=&#8220;default&#8220; gradient_direction=&#8220;left_to_right&#8220; overlay_strength=&#8220;0.3&#8243; width=&#8220;1\/1&#8243; tablet_width_inherit=&#8220;default&#8220; animation_type=&#8220;default&#8220; bg_image_animation=&#8220;none&#8220; border_type=&#8220;simple&#8220; column_border_width=&#8220;none&#8220; column_border_style=&#8220;solid&#8220;][vc_row_inner column_margin=&#8220;default&#8220; column_direction=&#8220;default&#8220; column_direction_tablet=&#8220;default&#8220; column_direction_phone=&#8220;default&#8220; text_align=&#8220;left&#8220; row_position=&#8220;default&#8220; row_position_tablet=&#8220;inherit&#8220; row_position_phone=&#8220;inherit&#8220; overflow=&#8220;visible&#8220; pointer_events=&#8220;all&#8220;][vc_column_inner column_padding=&#8220;padding-1-percent&#8220; column_padding_tablet=&#8220;inherit&#8220; column_padding_phone=&#8220;inherit&#8220; column_padding_position=&#8220;all&#8220; column_element_direction_desktop=&#8220;default&#8220; column_element_spacing=&#8220;default&#8220; desktop_text_alignment=&#8220;default&#8220; tablet_text_alignment=&#8220;default&#8220; phone_text_alignment=&#8220;default&#8220; background_color_opacity=&#8220;1&#8243; background_hover_color_opacity=&#8220;1&#8243; column_backdrop_filter=&#8220;none&#8220; column_shadow=&#8220;none&#8220; column_border_radius=&#8220;none&#8220; column_link_target=&#8220;_self&#8220; overflow=&#8220;visible&#8220; gradient_direction=&#8220;left_to_right&#8220; overlay_strength=&#8220;0.3&#8243; width=&#8220;1\/2&#8243; tablet_width_inherit=&#8220;default&#8220; animation_type=&#8220;default&#8220; enable_animation=&#8220;true&#8220; animation=&#8220;fade-in-from-bottom&#8220; animation_easing=&#8220;default&#8220; bg_image_animation=&#8220;none&#8220; border_type=&#8220;simple&#8220; column_border_width=&#8220;none&#8220; column_border_style=&#8220;solid&#8220;][vc_column_text css=&#8220;.vc_custom_1732266915359{padding-top: 20px !important;}&#8220;]\n<h3>Build&amp;Grow Trailer | Teambuilding mit Sinn in Moldawien: 3-t\u00e4gige Hausbauten f\u00fcr Familien in Not<\/h3>\n<p>Dieses Video spricht f\u00fcr sich selbst: Was gibt es Sch\u00f6neres f\u00fcr ein (Unternehmens-)Team, als innerhalb von nur 3 Tagen ein Haus f\u00fcr eine bed\u00fcrftige Familie in Osteuropa zu bauen und damit einen Beitrag zu leisten, den Kreislauf der Armut zu durchbrechen?[\/vc_column_text][divider line_type=&#8220;No Line&#8220;][nectar_video_lightbox link_style=&#8220;play_button_2&#8243; nectar_play_button_color=&#8220;Default-Accent-Color&#8220; image_url=&#8220;6988&#8243; hover_effect=&#8220;defaut&#8220; box_shadow=&#8220;x_large_depth&#8220; border_radius=&#8220;none&#8220; play_button_size=&#8220;default&#8220; video_url=&#8220;https:\/\/www.youtube.com\/watch?v=Wo7KoR3bUaU&#8220;][divider line_type=&#8220;No Line&#8220;][vc_column_text css=&#8220;.vc_custom_1762892933190{padding-top: 20px !important;}&#8220;]\n<h3>Soziales Corporate Team Building Projekt #1 in Rum\u00e4nien<\/h3>\n<p>Ein Hausbau in nur drei Tagen f\u00fcr eine bed\u00fcrftige Familie in Rum\u00e4nien 2018.<\/p>\n<p>Build&amp;Grow organisiert insbesondere f\u00fcr Gesch\u00e4ftsleute dreit\u00e4gige Dienstreisen nach Osteuropa. Hier wurde ein Team von 20 Mitarbeitern von Deloitte beauftragt und mit allem Material ausgestattet, um im Mai 2018 ein Haus f\u00fcr eine bed\u00fcrftige Familie in Rum\u00e4nien (Arad) zu bauen. Die Interviews zeigen die gro\u00dfe Wirkung auf die rum\u00e4nische Familie und auch auf die Teilnehmer.[\/vc_column_text][divider line_type=&#8220;No Line&#8220;][nectar_video_lightbox link_style=&#8220;play_button_2&#8243; nectar_play_button_color=&#8220;Default-Accent-Color&#8220; image_url=&#8220;6224&#8243; hover_effect=&#8220;defaut&#8220; box_shadow=&#8220;x_large_depth&#8220; border_radius=&#8220;none&#8220; play_button_size=&#8220;default&#8220; video_url=&#8220;https:\/\/www.youtube.com\/watch?v=1KCIcJq09FQ&amp;app=desktop&#8220;][divider line_type=&#8220;No Line&#8220;][vc_column_text css=&#8220;.vc_custom_1762892923873{margin-top: 5px !important;padding-top: 20px !important;}&#8220;]\n<h3>Corporate Team Building Projekt #2 in Moldawien<\/h3>\n<p>Ein Hausbau in drei Tagen f\u00fcr eine bed\u00fcrftige Familie in Moldawien 2018.<\/p>\n<p>Build &amp; Grow organisiert 3-t\u00e4gige Dienstreisen nach Osteuropa vor allem f\u00fcr Gesch\u00e4ftsleute. Hier wurde ein Team aus verschiedenen internationalen Unternehmen (~20 Personen) damit beauftragt, im Oktober 2018 ein Haus f\u00fcr eine bed\u00fcrftige Familie in Moldawien (Chisinau) zu bauen, und erhielt daf\u00fcr das gesamte ben\u00f6tigte Material.[\/vc_column_text][divider line_type=&#8220;No Line&#8220;][nectar_video_lightbox link_style=&#8220;play_button_2&#8243; nectar_play_button_color=&#8220;Default-Accent-Color&#8220; image_url=&#8220;6488&#8243; hover_effect=&#8220;defaut&#8220; box_shadow=&#8220;x_large_depth&#8220; border_radius=&#8220;none&#8220; play_button_size=&#8220;default&#8220; video_url=&#8220;https:\/\/www.youtube.com\/watch?v=3LSKeAezfW0&amp;app=desktop&#8220;][divider line_type=&#8220;No Line&#8220;][vc_column_text css=&#8220;.vc_custom_1762892911805{padding-top: 20px !important;}&#8220;]\n<h3>Corporate Team Building Projekt #3 in Moldawien<\/h3>\n<p>Ein Hausbau in drei Tagen f\u00fcr eine bed\u00fcrftige Familie in Moldawien 2019.<\/p>\n<p>Build&amp;Grow organisiert insbesondere f\u00fcr Gesch\u00e4ftsleute dreit\u00e4gige Dienstreisen nach Osteuropa. In diesem Fall wurde ein Team von 20 Mitarbeitern von Deloitte damit beauftragt, im Mai\/Juni 2019 ein Haus f\u00fcr eine bed\u00fcrftige Familie in Moldawien (Chisinau) zu bauen, und erhielt das gesamte daf\u00fcr ben\u00f6tigte Material.[\/vc_column_text][divider line_type=&#8220;No Line&#8220;][nectar_video_lightbox link_style=&#8220;play_button_2&#8243; nectar_play_button_color=&#8220;Default-Accent-Color&#8220; image_url=&#8220;6664&#8243; hover_effect=&#8220;defaut&#8220; box_shadow=&#8220;x_large_depth&#8220; border_radius=&#8220;none&#8220; play_button_size=&#8220;default&#8220; video_url=&#8220;https:\/\/www.youtube.com\/watch?v=qK7KoCI0Uoc&#8220;][\/vc_column_inner][vc_column_inner column_padding=&#8220;padding-1-percent&#8220; column_padding_tablet=&#8220;inherit&#8220; column_padding_phone=&#8220;inherit&#8220; column_padding_position=&#8220;all&#8220; column_element_direction_desktop=&#8220;default&#8220; column_element_spacing=&#8220;default&#8220; desktop_text_alignment=&#8220;default&#8220; tablet_text_alignment=&#8220;default&#8220; phone_text_alignment=&#8220;default&#8220; background_color_opacity=&#8220;1&#8243; background_hover_color_opacity=&#8220;1&#8243; column_backdrop_filter=&#8220;none&#8220; column_shadow=&#8220;none&#8220; column_border_radius=&#8220;none&#8220; column_link_target=&#8220;_self&#8220; overflow=&#8220;visible&#8220; gradient_direction=&#8220;left_to_right&#8220; overlay_strength=&#8220;0.3&#8243; width=&#8220;1\/2&#8243; tablet_width_inherit=&#8220;default&#8220; animation_type=&#8220;default&#8220; enable_animation=&#8220;true&#8220; animation=&#8220;fade-in-from-bottom&#8220; animation_easing=&#8220;default&#8220; bg_image_animation=&#8220;none&#8220; border_type=&#8220;simple&#8220; column_border_width=&#8220;none&#8220; column_border_style=&#8220;solid&#8220; delay=&#8220;150&#8243;][vc_column_text css=&#8220;.vc_custom_1732267151993{margin-top: 5px !important;padding-top: 20px !important;}&#8220;]\n<h3>Corporate Team Building Projekt #4 in Moldawien<\/h3>\n<p>Ein Hausbau in drei Tagen f\u00fcr eine bed\u00fcrftige Familie in Moldawien 2019.<\/p>\n<p>Build &amp; Grow organisiert 3-t\u00e4gige Dienstreisen nach Osteuropa, vor allem f\u00fcr Gesch\u00e4ftsleute. Hier wurde ein Team von Schneider &amp; Sohn (~20 Personen) damit beauftragt, im September 2019 ein Haus f\u00fcr eine bed\u00fcrftige Familie in Moldawien (Chisinau) zu bauen, und erhielt daf\u00fcr das gesamte Material.[\/vc_column_text][divider line_type=&#8220;No Line&#8220;][nectar_video_lightbox link_style=&#8220;play_button_2&#8243; nectar_play_button_color=&#8220;Default-Accent-Color&#8220; image_url=&#8220;6808&#8243; hover_effect=&#8220;defaut&#8220; box_shadow=&#8220;x_large_depth&#8220; border_radius=&#8220;none&#8220; play_button_size=&#8220;default&#8220; video_url=&#8220;https:\/\/www.youtube.com\/watch?v=IUb2jOEMJzU&#8220;][divider line_type=&#8220;No Line&#8220;][vc_column_text css=&#8220;.vc_custom_1732267212638{margin-top: 5px !important;padding-top: 20px !important;}&#8220;]\n<h3>Corporate Team Building Projekt #6 in Moldawien<\/h3>\n<p>Was kann f\u00fcr ein Team sch\u00f6ner sein, als beim Bau eines Hauses f\u00fcr eine Familie zu helfen, um den Kreislauf der Armut zu durchbrechen? Alle Materialien werden vor Ort von der Firma \u201eUniqa\u201c bezogen, die sich auf nachhaltige H\u00e4user spezialisiert hat und diesem armen Land neue Besch\u00e4ftigungsm\u00f6glichkeiten bietet. Im Wesentlichen werden Teambuilding und Corporate Volunteering in einem gezielten Ansatz miteinander verbunden.<\/p>\n<p>Build &amp; Grow organisiert 3-t\u00e4gige Dienstreisen nach Osteuropa insbesondere f\u00fcr Gesch\u00e4ftsleute. Hier wurde ein Team von Deloitte (~25 Personen) damit beauftragt, im Oktober 2023 ein Haus f\u00fcr eine bed\u00fcrftige Familie in Moldawien (Stefan Voda) zu bauen, und erhielt das gesamte daf\u00fcr ben\u00f6tigte Material.[\/vc_column_text][divider line_type=&#8220;No Line&#8220;][nectar_video_lightbox link_style=&#8220;play_button_2&#8243; nectar_play_button_color=&#8220;Default-Accent-Color&#8220; image_url=&#8220;7229&#8243; hover_effect=&#8220;defaut&#8220; box_shadow=&#8220;none&#8220; border_radius=&#8220;none&#8220; play_button_size=&#8220;default&#8220; video_url=&#8220;https:\/\/www.youtube.com\/watch?v=8CQvA8x9VCo&amp;t=2s&#8220;][divider line_type=&#8220;No Line&#8220;][vc_column_text css=&#8220;.vc_custom_1762892898505{padding-top: 20px !important;}&#8220;]\n<h3>Corporate Team Building Projekt #7 in Moldawien<\/h3>\n<p>Was kann f\u00fcr ein Team sch\u00f6ner sein, als beim Bau eines Hauses f\u00fcr eine Familie zu helfen, um den Kreislauf der Armut zu durchbrechen? Alle Materialien werden vor Ort von der Firma \u201eUniqa\u201c bezogen, die sich auf nachhaltige H\u00e4user spezialisiert hat und diesem armen Land neue Besch\u00e4ftigungsm\u00f6glichkeiten bietet. Im Wesentlichen werden Teambuilding und Corporate Volunteering in einem gezielten Ansatz miteinander verbunden.<\/p>\n<p>Build &amp; Grow organisiert 3-t\u00e4gige Dienstreisen nach Osteuropa insbesondere f\u00fcr Gesch\u00e4ftsleute. Hier wurde ein Team von Deloitte (30 Personen) damit beauftragt, im Oktober 2024 ein Haus f\u00fcr eine bed\u00fcrftige Familie in Moldawien (Anenii Noi) zu bauen, und erhielt das gesamte daf\u00fcr ben\u00f6tigte Material.[\/vc_column_text][divider line_type=&#8220;No Line&#8220;][nectar_video_lightbox link_style=&#8220;play_button_2&#8243; nectar_play_button_color=&#8220;Default-Accent-Color&#8220; image_url=&#8220;7320&#8243; hover_effect=&#8220;defaut&#8220; box_shadow=&#8220;x_large_depth&#8220; border_radius=&#8220;none&#8220; play_button_size=&#8220;default&#8220; video_url=&#8220;https:\/\/youtu.be\/wKCekWulLQw?si=x_mPikS5Cng802Qn&#8220;][divider line_type=&#8220;No Line&#8220;][vc_column_text css=&#8220;.vc_custom_1762892887021{padding-top: 20px !important;}&#8220;]\n<h3>Corporate Team Building Projekt #8 in Moldawien<\/h3>\n<p>Was kann f\u00fcr ein Team sch\u00f6ner sein, als beim Bau eines Hauses f\u00fcr eine Familie zu helfen, um den Kreislauf der Armut zu durchbrechen? Alle Materialien werden vor Ort von der Firma \u201eUniqa\u201c bezogen, die sich auf nachhaltige H\u00e4user spezialisiert hat und diesem armen Land neue Besch\u00e4ftigungsm\u00f6glichkeiten bietet. Im Wesentlichen werden Teambuilding und Corporate Volunteering in einem gezielten Ansatz miteinander verbunden.<\/p>\n<p>Build &amp; Grow organisiert 3-t\u00e4gige Dienstreisen nach Osteuropa insbesondere f\u00fcr Gesch\u00e4ftsleute. Hier wurde ein Team von Deloitte (30 Personen) damit beauftragt, im Oktober 2025 ein Haus f\u00fcr eine bed\u00fcrftige Familie in Moldawien (Ialoveni) zu bauen, und erhielt das gesamte daf\u00fcr ben\u00f6tigte Material.[\/vc_column_text][divider line_type=&#8220;No Line&#8220;][nectar_video_lightbox link_style=&#8220;play_button_2&#8243; nectar_play_button_color=&#8220;Default-Accent-Color&#8220; image_url=&#8220;7465&#8243; hover_effect=&#8220;defaut&#8220; box_shadow=&#8220;x_large_depth&#8220; border_radius=&#8220;none&#8220; play_button_size=&#8220;default&#8220; video_url=&#8220;https:\/\/www.youtube.com\/watch?v=XzYSqnH0oV4&amp;t=5s&#8220;][\/vc_column_inner][\/vc_row_inner][\/vc_column][\/vc_row]\n","protected":false},"excerpt":{"rendered":"<p>[vc_row type=&#8220;full_width_background&#8220; full_screen_row_position=&#8220;middle&#8220; column_margin=&#8220;default&#8220; column_direction=&#8220;default&#8220; column_direction_tablet=&#8220;default&#8220; column_direction_phone=&#8220;default&#8220; bg_color=&#8220;#f2f2f2&#8243; scene_position=&#8220;center&#8220; top_padding=&#8220;2%&#8220; bottom_padding=&#8220;2%&#8220; text_color=&#8220;dark&#8220; text_align=&#8220;left&#8220; row_border_radius=&#8220;none&#8220; row_border_radius_applies=&#8220;bg&#8220; overflow=&#8220;visible&#8220; id=&#8220;footage&#8220; row_name=&#8220;Action Footage&#8220; overlay_strength=&#8220;0.3&#8243; gradient_direction=&#8220;left_to_right&#8220; shape_divider_position=&#8220;bottom&#8220; bg_image_animation=&#8220;none&#8220; gradient_type=&#8220;default&#8220; shape_type=&#8220;&#8220;][vc_column column_padding=&#8220;no-extra-padding&#8220; column_padding_tablet=&#8220;inherit&#8220; column_padding_phone=&#8220;inherit&#8220; column_padding_position=&#8220;all&#8220; column_element_direction_desktop=&#8220;default&#8220;&#8230;<\/p>\n","protected":false},"author":1,"featured_media":0,"parent":0,"menu_order":0,"comment_status":"closed","ping_status":"closed","template":"","meta":{"footnotes":""},"class_list":["post-6490","page","type-page","status-publish"],"yoast_head":"<!-- This site is optimized with the Yoast SEO plugin v27.4 - https:\/\/yoast.com\/product\/yoast-seo-wordpress\/ -->\n<title>Referenzen - Build &amp; Grow e.V.<\/title>\n<meta name=\"description\" content=\"Du m\u00f6chtest sehen was wir bereits erreicht haben? Unsere Referenzen\" \/>\n<meta name=\"robots\" content=\"index, follow, max-snippet:-1, max-image-preview:large, max-video-preview:-1\" \/>\n<link rel=\"canonical\" href=\"https:\/\/build-grow.org\/de\/referenzen\/\" \/>\n<meta property=\"og:locale\" content=\"de_DE\" \/>\n<meta property=\"og:type\" content=\"article\" \/>\n<meta property=\"og:title\" content=\"Referenzen - Build &amp; Grow e.V.\" \/>\n<meta property=\"og:description\" content=\"Du m\u00f6chtest sehen was wir bereits erreicht haben? Unsere Referenzen\" \/>\n<meta property=\"og:url\" content=\"https:\/\/build-grow.org\/de\/referenzen\/\" \/>\n<meta property=\"og:site_name\" content=\"Build &amp; Grow e.V.\" \/>\n<meta property=\"article:publisher\" content=\"https:\/\/www.facebook.com\/BuildandGrowTogether\/\" \/>\n<meta property=\"article:modified_time\" content=\"2025-11-11T20:31:28+00:00\" \/>\n<meta property=\"og:image\" content=\"https:\/\/build-grow.org\/wp-content\/uploads\/2018\/08\/build-grow.jpg\" \/>\n\t<meta property=\"og:image:width\" content=\"450\" \/>\n\t<meta property=\"og:image:height\" content=\"450\" \/>\n\t<meta property=\"og:image:type\" content=\"image\/jpeg\" \/>\n<meta name=\"twitter:card\" content=\"summary_large_image\" \/>\n<meta name=\"twitter:site\" content=\"@Build_Grow\" \/>\n<meta name=\"twitter:label1\" content=\"Gesch\u00e4tzte Lesezeit\" \/>\n\t<meta name=\"twitter:data1\" content=\"7\u00a0Minuten\" \/>\n<script type=\"application\/ld+json\" class=\"yoast-schema-graph\">{\"@context\":\"https:\\\/\\\/schema.org\",\"@graph\":[{\"@type\":\"WebPage\",\"@id\":\"https:\\\/\\\/build-grow.org\\\/de\\\/referenzen\\\/\",\"url\":\"https:\\\/\\\/build-grow.org\\\/de\\\/referenzen\\\/\",\"name\":\"Referenzen - Build &amp; Grow e.V.\",\"isPartOf\":{\"@id\":\"https:\\\/\\\/build-grow.org\\\/#website\"},\"datePublished\":\"2019-03-05T16:56:07+00:00\",\"dateModified\":\"2025-11-11T20:31:28+00:00\",\"description\":\"Du m\u00f6chtest sehen was wir bereits erreicht haben? Unsere Referenzen\",\"breadcrumb\":{\"@id\":\"https:\\\/\\\/build-grow.org\\\/de\\\/referenzen\\\/#breadcrumb\"},\"inLanguage\":\"de\",\"potentialAction\":[{\"@type\":\"ReadAction\",\"target\":[\"https:\\\/\\\/build-grow.org\\\/de\\\/referenzen\\\/\"]}]},{\"@type\":\"BreadcrumbList\",\"@id\":\"https:\\\/\\\/build-grow.org\\\/de\\\/referenzen\\\/#breadcrumb\",\"itemListElement\":[{\"@type\":\"ListItem\",\"position\":1,\"name\":\"Build &amp; Grow e.V.\",\"item\":\"https:\\\/\\\/build-grow.org\\\/de\\\/\"},{\"@type\":\"ListItem\",\"position\":2,\"name\":\"Referenzen\"}]},{\"@type\":\"WebSite\",\"@id\":\"https:\\\/\\\/build-grow.org\\\/#website\",\"url\":\"https:\\\/\\\/build-grow.org\\\/\",\"name\":\"Build &amp; Grow e.V.\",\"description\":\"Build homes, change lives, grow together\",\"publisher\":{\"@id\":\"https:\\\/\\\/build-grow.org\\\/#organization\"},\"potentialAction\":[{\"@type\":\"SearchAction\",\"target\":{\"@type\":\"EntryPoint\",\"urlTemplate\":\"https:\\\/\\\/build-grow.org\\\/?s={search_term_string}\"},\"query-input\":{\"@type\":\"PropertyValueSpecification\",\"valueRequired\":true,\"valueName\":\"search_term_string\"}}],\"inLanguage\":\"de\"},{\"@type\":\"Organization\",\"@id\":\"https:\\\/\\\/build-grow.org\\\/#organization\",\"name\":\"Build & Grow e.V.\",\"url\":\"https:\\\/\\\/build-grow.org\\\/\",\"logo\":{\"@type\":\"ImageObject\",\"inLanguage\":\"de\",\"@id\":\"https:\\\/\\\/build-grow.org\\\/#\\\/schema\\\/logo\\\/image\\\/\",\"url\":\"https:\\\/\\\/build-grow.org\\\/wp-content\\\/uploads\\\/2018\\\/08\\\/build-grow.jpg\",\"contentUrl\":\"https:\\\/\\\/build-grow.org\\\/wp-content\\\/uploads\\\/2018\\\/08\\\/build-grow.jpg\",\"width\":450,\"height\":450,\"caption\":\"Build & Grow e.V.\"},\"image\":{\"@id\":\"https:\\\/\\\/build-grow.org\\\/#\\\/schema\\\/logo\\\/image\\\/\"},\"sameAs\":[\"https:\\\/\\\/www.facebook.com\\\/BuildandGrowTogether\\\/\",\"https:\\\/\\\/x.com\\\/Build_Grow\",\"https:\\\/\\\/www.instagram.com\\\/buildgrow\\\/\",\"https:\\\/\\\/www.linkedin.com\\\/company\\\/build-grow\\\/\"]}]}<\/script>\n<!-- \/ Yoast SEO plugin. -->","yoast_head_json":{"title":"Referenzen - Build &amp; Grow e.V.","description":"Du m\u00f6chtest sehen was wir bereits erreicht haben? Unsere Referenzen","robots":{"index":"index","follow":"follow","max-snippet":"max-snippet:-1","max-image-preview":"max-image-preview:large","max-video-preview":"max-video-preview:-1"},"canonical":"https:\/\/build-grow.org\/de\/referenzen\/","og_locale":"de_DE","og_type":"article","og_title":"Referenzen - Build &amp; Grow e.V.","og_description":"Du m\u00f6chtest sehen was wir bereits erreicht haben? Unsere Referenzen","og_url":"https:\/\/build-grow.org\/de\/referenzen\/","og_site_name":"Build &amp; Grow e.V.","article_publisher":"https:\/\/www.facebook.com\/BuildandGrowTogether\/","article_modified_time":"2025-11-11T20:31:28+00:00","og_image":[{"width":450,"height":450,"url":"https:\/\/build-grow.org\/wp-content\/uploads\/2018\/08\/build-grow.jpg","type":"image\/jpeg"}],"twitter_card":"summary_large_image","twitter_site":"@Build_Grow","twitter_misc":{"Gesch\u00e4tzte Lesezeit":"7\u00a0Minuten"},"schema":{"@context":"https:\/\/schema.org","@graph":[{"@type":"WebPage","@id":"https:\/\/build-grow.org\/de\/referenzen\/","url":"https:\/\/build-grow.org\/de\/referenzen\/","name":"Referenzen - Build &amp; Grow e.V.","isPartOf":{"@id":"https:\/\/build-grow.org\/#website"},"datePublished":"2019-03-05T16:56:07+00:00","dateModified":"2025-11-11T20:31:28+00:00","description":"Du m\u00f6chtest sehen was wir bereits erreicht haben? Unsere Referenzen","breadcrumb":{"@id":"https:\/\/build-grow.org\/de\/referenzen\/#breadcrumb"},"inLanguage":"de","potentialAction":[{"@type":"ReadAction","target":["https:\/\/build-grow.org\/de\/referenzen\/"]}]},{"@type":"BreadcrumbList","@id":"https:\/\/build-grow.org\/de\/referenzen\/#breadcrumb","itemListElement":[{"@type":"ListItem","position":1,"name":"Build &amp; Grow e.V.","item":"https:\/\/build-grow.org\/de\/"},{"@type":"ListItem","position":2,"name":"Referenzen"}]},{"@type":"WebSite","@id":"https:\/\/build-grow.org\/#website","url":"https:\/\/build-grow.org\/","name":"Build &amp; Grow e.V.","description":"Build homes, change lives, grow together","publisher":{"@id":"https:\/\/build-grow.org\/#organization"},"potentialAction":[{"@type":"SearchAction","target":{"@type":"EntryPoint","urlTemplate":"https:\/\/build-grow.org\/?s={search_term_string}"},"query-input":{"@type":"PropertyValueSpecification","valueRequired":true,"valueName":"search_term_string"}}],"inLanguage":"de"},{"@type":"Organization","@id":"https:\/\/build-grow.org\/#organization","name":"Build & Grow e.V.","url":"https:\/\/build-grow.org\/","logo":{"@type":"ImageObject","inLanguage":"de","@id":"https:\/\/build-grow.org\/#\/schema\/logo\/image\/","url":"https:\/\/build-grow.org\/wp-content\/uploads\/2018\/08\/build-grow.jpg","contentUrl":"https:\/\/build-grow.org\/wp-content\/uploads\/2018\/08\/build-grow.jpg","width":450,"height":450,"caption":"Build & Grow e.V."},"image":{"@id":"https:\/\/build-grow.org\/#\/schema\/logo\/image\/"},"sameAs":["https:\/\/www.facebook.com\/BuildandGrowTogether\/","https:\/\/x.com\/Build_Grow","https:\/\/www.instagram.com\/buildgrow\/","https:\/\/www.linkedin.com\/company\/build-grow\/"]}]}},"_links":{"self":[{"href":"https:\/\/build-grow.org\/de\/wp-json\/wp\/v2\/pages\/6490","targetHints":{"allow":["GET"]}}],"collection":[{"href":"https:\/\/build-grow.org\/de\/wp-json\/wp\/v2\/pages"}],"about":[{"href":"https:\/\/build-grow.org\/de\/wp-json\/wp\/v2\/types\/page"}],"author":[{"embeddable":true,"href":"https:\/\/build-grow.org\/de\/wp-json\/wp\/v2\/users\/1"}],"replies":[{"embeddable":true,"href":"https:\/\/build-grow.org\/de\/wp-json\/wp\/v2\/comments?post=6490"}],"version-history":[{"count":7,"href":"https:\/\/build-grow.org\/de\/wp-json\/wp\/v2\/pages\/6490\/revisions"}],"predecessor-version":[{"id":7226,"href":"https:\/\/build-grow.org\/de\/wp-json\/wp\/v2\/pages\/6490\/revisions\/7226"}],"wp:attachment":[{"href":"https:\/\/build-grow.org\/de\/wp-json\/wp\/v2\/media?parent=6490"}],"curies":[{"name":"wp","href":"https:\/\/api.w.org\/{rel}","templated":true}]}}