{"id":7387,"date":"2019-06-24T10:39:53","date_gmt":"2019-06-24T08:39:53","guid":{"rendered":"https:\/\/build-grow.org\/donate\/"},"modified":"2025-04-16T14:09:22","modified_gmt":"2025-04-16T12:09:22","slug":"spenden","status":"publish","type":"page","link":"https:\/\/build-grow.org\/de\/spenden\/","title":{"rendered":"Spenden"},"content":{"rendered":"[vc_row type=&#8220;in_container&#8220; full_screen_row_position=&#8220;middle&#8220; column_margin=&#8220;default&#8220; column_direction=&#8220;default&#8220; column_direction_tablet=&#8220;default&#8220; column_direction_phone=&#8220;default&#8220; scene_position=&#8220;center&#8220; top_padding=&#8220;2%&#8220; bottom_padding=&#8220;2%&#8220; text_color=&#8220;dark&#8220; text_align=&#8220;left&#8220; row_border_radius=&#8220;none&#8220; row_border_radius_applies=&#8220;bg&#8220; overflow=&#8220;visible&#8220; overlay_strength=&#8220;0.3&#8243; gradient_direction=&#8220;left_to_right&#8220; shape_divider_position=&#8220;bottom&#8220; bg_image_animation=&#8220;none&#8220; gradient_type=&#8220;default&#8220; shape_type=&#8220;&#8220;][vc_column column_padding=&#8220;no-extra-padding&#8220; column_padding_tablet=&#8220;inherit&#8220; column_padding_phone=&#8220;inherit&#8220; column_padding_position=&#8220;all&#8220; column_element_direction_desktop=&#8220;default&#8220; column_element_spacing=&#8220;default&#8220; desktop_text_alignment=&#8220;default&#8220; tablet_text_alignment=&#8220;default&#8220; phone_text_alignment=&#8220;default&#8220; background_color_opacity=&#8220;1&#8243; background_hover_color_opacity=&#8220;1&#8243; column_backdrop_filter=&#8220;none&#8220; column_shadow=&#8220;none&#8220; column_border_radius=&#8220;none&#8220; column_link_target=&#8220;_self&#8220; column_position=&#8220;default&#8220; gradient_direction=&#8220;left_to_right&#8220; overlay_strength=&#8220;0.3&#8243; width=&#8220;1\/1&#8243; tablet_width_inherit=&#8220;default&#8220; animation_type=&#8220;default&#8220; bg_image_animation=&#8220;none&#8220; border_type=&#8220;simple&#8220; column_border_width=&#8220;none&#8220; column_border_style=&#8220;solid&#8220;][heading]\n<h2 style=\"text-align: left;\">Spenden Sie f\u00fcr ein neues Zuhause!<\/h2>\n[\/heading][vc_column_text]Werden Sie Teil unserer Vision! Helfen Sie uns, lebenswerten Lebensraum f\u00fcr Menschen in Osteuropa zu schaffen, insbesondere f\u00fcr Kinder! Unterst\u00fctzen Sie uns mit Ihrer Spende!<\/p>\n<p>Sie w\u00fcrden Build&amp;Grow gerne einmalig oder regelm\u00e4\u00dfig finanziell unterst\u00fctzen?<\/p>\n<p>Eine herk\u00f6mmliche PayPal- oder Bank\u00fcberweisung ist immer m\u00f6glich, wir bevorzugen jedoch eine Direkt\u00fcberweisung &#8211; so kommen Ihre Spenden auch wirklich zu 100% bei uns an!<\/p>\n<p><strong>Bankkonto<\/strong><br \/>\nBuild and Grow e.V.<br \/>\nIBAN: DE93 3845 0000 1000 4558 22<br \/>\nBIC: WELADED1GMB (Sparkasse Gummersbach)<\/p>\n<p><strong>PayPal<br \/>\n<\/strong><a href=\"https:\/\/www.paypal.com\/donate\/?hosted_button_id=FDZ94TC38AGQ4\">PayPal Spenden-Link for Build&amp;Grow e.V.<\/a><\/p>\n<form action=\"https:\/\/www.paypal.com\/donate\" method=\"post\" target=\"_top\"><input name=\"hosted_button_id\" type=\"hidden\" value=\"FDZ94TC38AGQ4\" \/><br \/>\n<input title=\"PayPal - The safer, easier way to pay online!\" alt=\"Spenden mit dem PayPal-Button\" name=\"submit\" src=\"https:\/\/www.paypalobjects.com\/de_DE\/DE\/i\/btn\/btn_donateCC_LG.gif\" type=\"image\" \/><br \/>\n<img loading=\"lazy\" decoding=\"async\" src=\"https:\/\/www.paypal.com\/de_DE\/i\/scr\/pixel.gif\" alt=\"\" width=\"1\" height=\"1\" border=\"0\" \/><\/p>\n<p><img loading=\"lazy\" decoding=\"async\" class=\"alignnone size-full wp-image-7432\" src=\"https:\/\/build-grow.org\/wp-content\/uploads\/2025\/04\/QR-Code.png\" alt=\"\" width=\"256\" height=\"256\" srcset=\"https:\/\/build-grow.org\/wp-content\/uploads\/2025\/04\/QR-Code.png 256w, https:\/\/build-grow.org\/wp-content\/uploads\/2025\/04\/QR-Code-150x150.png 150w, https:\/\/build-grow.org\/wp-content\/uploads\/2025\/04\/QR-Code-140x140.png 140w, https:\/\/build-grow.org\/wp-content\/uploads\/2025\/04\/QR-Code-100x100.png 100w\" sizes=\"auto, (max-width: 256px) 100vw, 256px\" \/><\/p>\n<\/form>\n[\/vc_column_text][divider line_type=&#8220;No Line&#8220; custom_height=&#8220;80&#8243;][heading]\n<h3 style=\"text-align: left;\">Questions? We help!<\/h3>\n[\/heading][vc_row_inner column_margin=&#8220;default&#8220; column_direction=&#8220;default&#8220; column_direction_tablet=&#8220;default&#8220; column_direction_phone=&#8220;default&#8220; text_align=&#8220;left&#8220; row_position=&#8220;default&#8220; row_position_tablet=&#8220;inherit&#8220; row_position_phone=&#8220;inherit&#8220; overflow=&#8220;visible&#8220; pointer_events=&#8220;all&#8220;][vc_column_inner column_padding=&#8220;no-extra-padding&#8220; column_padding_tablet=&#8220;inherit&#8220; column_padding_phone=&#8220;inherit&#8220; column_padding_position=&#8220;all&#8220; column_element_direction_desktop=&#8220;default&#8220; column_element_spacing=&#8220;default&#8220; desktop_text_alignment=&#8220;default&#8220; tablet_text_alignment=&#8220;default&#8220; phone_text_alignment=&#8220;default&#8220; background_color_opacity=&#8220;1&#8243; background_hover_color_opacity=&#8220;1&#8243; column_backdrop_filter=&#8220;none&#8220; column_shadow=&#8220;none&#8220; column_border_radius=&#8220;none&#8220; column_link_target=&#8220;_self&#8220; overflow=&#8220;visible&#8220; gradient_direction=&#8220;left_to_right&#8220; overlay_strength=&#8220;0.3&#8243; width=&#8220;1\/1&#8243; tablet_width_inherit=&#8220;default&#8220; animation_type=&#8220;default&#8220; bg_image_animation=&#8220;none&#8220; border_type=&#8220;simple&#8220; column_border_width=&#8220;none&#8220; column_border_style=&#8220;solid&#8220;]<div class=\"iwithtext\"><div class=\"iwt-icon\"> <i class=\"icon-default-style fa fa-envelope-o accent-color\"><\/i> <\/div><div class=\"iwt-text\"> You can reach us anytime by email at\u00a0<a href=\"mailto:info@build-grow.org\" target=\"_blank\" rel=\"noopener\">info@build-grow.org<\/a>. <\/div><div class=\"clear\"><\/div><\/div>[\/vc_column_inner][\/vc_row_inner][\/vc_column][\/vc_row]\n","protected":false},"excerpt":{"rendered":"<p>[vc_row type=&#8220;in_container&#8220; full_screen_row_position=&#8220;middle&#8220; column_margin=&#8220;default&#8220; column_direction=&#8220;default&#8220; column_direction_tablet=&#8220;default&#8220; column_direction_phone=&#8220;default&#8220; scene_position=&#8220;center&#8220; top_padding=&#8220;2%&#8220; bottom_padding=&#8220;2%&#8220; text_color=&#8220;dark&#8220; text_align=&#8220;left&#8220; row_border_radius=&#8220;none&#8220; row_border_radius_applies=&#8220;bg&#8220; overflow=&#8220;visible&#8220; overlay_strength=&#8220;0.3&#8243; gradient_direction=&#8220;left_to_right&#8220; shape_divider_position=&#8220;bottom&#8220; bg_image_animation=&#8220;none&#8220; gradient_type=&#8220;default&#8220; shape_type=&#8220;&#8220;][vc_column column_padding=&#8220;no-extra-padding&#8220; column_padding_tablet=&#8220;inherit&#8220; column_padding_phone=&#8220;inherit&#8220; column_padding_position=&#8220;all&#8220; column_element_direction_desktop=&#8220;default&#8220; column_element_spacing=&#8220;default&#8220; desktop_text_alignment=&#8220;default&#8220; tablet_text_alignment=&#8220;default&#8220; phone_text_alignment=&#8220;default&#8220;&#8230;<\/p>\n","protected":false},"author":1,"featured_media":0,"parent":0,"menu_order":0,"comment_status":"closed","ping_status":"closed","template":"","meta":{"footnotes":""},"class_list":["post-7387","page","type-page","status-publish"],"yoast_head":"<!-- This site is optimized with the Yoast SEO plugin v27.4 - https:\/\/yoast.com\/product\/yoast-seo-wordpress\/ -->\n<title>Spenden - Build &amp; Grow e.V.<\/title>\n<meta name=\"description\" content=\"Werden Sie Teil unserer Vision! Helfen Sie uns, lebenswerten Lebensraum f\u00fcr Menschen in Osteuropa zu schaffen, insbesondere f\u00fcr Kinder! Unterst\u00fctzen Sie uns mit Ihrer Spende!\" \/>\n<meta name=\"robots\" content=\"index, follow, max-snippet:-1, max-image-preview:large, max-video-preview:-1\" \/>\n<link rel=\"canonical\" href=\"https:\/\/build-grow.org\/donate\/\" \/>\n<meta property=\"og:locale\" content=\"de_DE\" \/>\n<meta property=\"og:type\" content=\"article\" \/>\n<meta property=\"og:title\" content=\"Spenden - Build &amp; Grow e.V.\" \/>\n<meta property=\"og:description\" content=\"Werden Sie Teil unserer Vision! Helfen Sie uns, lebenswerten Lebensraum f\u00fcr Menschen in Osteuropa zu schaffen, insbesondere f\u00fcr Kinder! Unterst\u00fctzen Sie uns mit Ihrer Spende!\" \/>\n<meta property=\"og:url\" content=\"https:\/\/build-grow.org\/donate\/\" \/>\n<meta property=\"og:site_name\" content=\"Build &amp; Grow e.V.\" \/>\n<meta property=\"article:publisher\" content=\"https:\/\/www.facebook.com\/BuildandGrowTogether\/\" \/>\n<meta property=\"article:modified_time\" content=\"2025-04-16T12:09:22+00:00\" \/>\n<meta property=\"og:image\" content=\"https:\/\/www.paypal.com\/de_DE\/i\/scr\/pixel.gif\" \/>\n<meta name=\"twitter:card\" content=\"summary_large_image\" \/>\n<meta name=\"twitter:site\" content=\"@Build_Grow\" \/>\n<meta name=\"twitter:label1\" content=\"Gesch\u00e4tzte Lesezeit\" \/>\n\t<meta name=\"twitter:data1\" content=\"2\u00a0Minuten\" \/>\n<script type=\"application\/ld+json\" class=\"yoast-schema-graph\">{\"@context\":\"https:\\\/\\\/schema.org\",\"@graph\":[{\"@type\":\"WebPage\",\"@id\":\"https:\\\/\\\/build-grow.org\\\/donate\\\/\",\"url\":\"https:\\\/\\\/build-grow.org\\\/donate\\\/\",\"name\":\"Spenden - Build &amp; Grow e.V.\",\"isPartOf\":{\"@id\":\"https:\\\/\\\/build-grow.org\\\/#website\"},\"primaryImageOfPage\":{\"@id\":\"https:\\\/\\\/build-grow.org\\\/donate\\\/#primaryimage\"},\"image\":{\"@id\":\"https:\\\/\\\/build-grow.org\\\/donate\\\/#primaryimage\"},\"thumbnailUrl\":\"https:\\\/\\\/www.paypal.com\\\/de_DE\\\/i\\\/scr\\\/pixel.gif\",\"datePublished\":\"2019-06-24T08:39:53+00:00\",\"dateModified\":\"2025-04-16T12:09:22+00:00\",\"description\":\"Werden Sie Teil unserer Vision! Helfen Sie uns, lebenswerten Lebensraum f\u00fcr Menschen in Osteuropa zu schaffen, insbesondere f\u00fcr Kinder! Unterst\u00fctzen Sie uns mit Ihrer Spende!\",\"breadcrumb\":{\"@id\":\"https:\\\/\\\/build-grow.org\\\/donate\\\/#breadcrumb\"},\"inLanguage\":\"de\",\"potentialAction\":[{\"@type\":\"ReadAction\",\"target\":[\"https:\\\/\\\/build-grow.org\\\/donate\\\/\"]}]},{\"@type\":\"ImageObject\",\"inLanguage\":\"de\",\"@id\":\"https:\\\/\\\/build-grow.org\\\/donate\\\/#primaryimage\",\"url\":\"https:\\\/\\\/www.paypal.com\\\/de_DE\\\/i\\\/scr\\\/pixel.gif\",\"contentUrl\":\"https:\\\/\\\/www.paypal.com\\\/de_DE\\\/i\\\/scr\\\/pixel.gif\"},{\"@type\":\"BreadcrumbList\",\"@id\":\"https:\\\/\\\/build-grow.org\\\/donate\\\/#breadcrumb\",\"itemListElement\":[{\"@type\":\"ListItem\",\"position\":1,\"name\":\"Build &amp; Grow e.V.\",\"item\":\"https:\\\/\\\/build-grow.org\\\/de\\\/\"},{\"@type\":\"ListItem\",\"position\":2,\"name\":\"Spenden\"}]},{\"@type\":\"WebSite\",\"@id\":\"https:\\\/\\\/build-grow.org\\\/#website\",\"url\":\"https:\\\/\\\/build-grow.org\\\/\",\"name\":\"Build &amp; Grow e.V.\",\"description\":\"Build homes, change lives, grow together\",\"publisher\":{\"@id\":\"https:\\\/\\\/build-grow.org\\\/#organization\"},\"potentialAction\":[{\"@type\":\"SearchAction\",\"target\":{\"@type\":\"EntryPoint\",\"urlTemplate\":\"https:\\\/\\\/build-grow.org\\\/?s={search_term_string}\"},\"query-input\":{\"@type\":\"PropertyValueSpecification\",\"valueRequired\":true,\"valueName\":\"search_term_string\"}}],\"inLanguage\":\"de\"},{\"@type\":\"Organization\",\"@id\":\"https:\\\/\\\/build-grow.org\\\/#organization\",\"name\":\"Build & Grow e.V.\",\"url\":\"https:\\\/\\\/build-grow.org\\\/\",\"logo\":{\"@type\":\"ImageObject\",\"inLanguage\":\"de\",\"@id\":\"https:\\\/\\\/build-grow.org\\\/#\\\/schema\\\/logo\\\/image\\\/\",\"url\":\"https:\\\/\\\/build-grow.org\\\/wp-content\\\/uploads\\\/2018\\\/08\\\/build-grow.jpg\",\"contentUrl\":\"https:\\\/\\\/build-grow.org\\\/wp-content\\\/uploads\\\/2018\\\/08\\\/build-grow.jpg\",\"width\":450,\"height\":450,\"caption\":\"Build & Grow e.V.\"},\"image\":{\"@id\":\"https:\\\/\\\/build-grow.org\\\/#\\\/schema\\\/logo\\\/image\\\/\"},\"sameAs\":[\"https:\\\/\\\/www.facebook.com\\\/BuildandGrowTogether\\\/\",\"https:\\\/\\\/x.com\\\/Build_Grow\",\"https:\\\/\\\/www.instagram.com\\\/buildgrow\\\/\",\"https:\\\/\\\/www.linkedin.com\\\/company\\\/build-grow\\\/\"]}]}<\/script>\n<!-- \/ Yoast SEO plugin. -->","yoast_head_json":{"title":"Spenden - Build &amp; Grow e.V.","description":"Werden Sie Teil unserer Vision! Helfen Sie uns, lebenswerten Lebensraum f\u00fcr Menschen in Osteuropa zu schaffen, insbesondere f\u00fcr Kinder! Unterst\u00fctzen Sie uns mit Ihrer Spende!","robots":{"index":"index","follow":"follow","max-snippet":"max-snippet:-1","max-image-preview":"max-image-preview:large","max-video-preview":"max-video-preview:-1"},"canonical":"https:\/\/build-grow.org\/donate\/","og_locale":"de_DE","og_type":"article","og_title":"Spenden - Build &amp; Grow e.V.","og_description":"Werden Sie Teil unserer Vision! Helfen Sie uns, lebenswerten Lebensraum f\u00fcr Menschen in Osteuropa zu schaffen, insbesondere f\u00fcr Kinder! Unterst\u00fctzen Sie uns mit Ihrer Spende!","og_url":"https:\/\/build-grow.org\/donate\/","og_site_name":"Build &amp; Grow e.V.","article_publisher":"https:\/\/www.facebook.com\/BuildandGrowTogether\/","article_modified_time":"2025-04-16T12:09:22+00:00","og_image":[{"url":"https:\/\/www.paypal.com\/de_DE\/i\/scr\/pixel.gif","type":"","width":"","height":""}],"twitter_card":"summary_large_image","twitter_site":"@Build_Grow","twitter_misc":{"Gesch\u00e4tzte Lesezeit":"2\u00a0Minuten"},"schema":{"@context":"https:\/\/schema.org","@graph":[{"@type":"WebPage","@id":"https:\/\/build-grow.org\/donate\/","url":"https:\/\/build-grow.org\/donate\/","name":"Spenden - Build &amp; Grow e.V.","isPartOf":{"@id":"https:\/\/build-grow.org\/#website"},"primaryImageOfPage":{"@id":"https:\/\/build-grow.org\/donate\/#primaryimage"},"image":{"@id":"https:\/\/build-grow.org\/donate\/#primaryimage"},"thumbnailUrl":"https:\/\/www.paypal.com\/de_DE\/i\/scr\/pixel.gif","datePublished":"2019-06-24T08:39:53+00:00","dateModified":"2025-04-16T12:09:22+00:00","description":"Werden Sie Teil unserer Vision! Helfen Sie uns, lebenswerten Lebensraum f\u00fcr Menschen in Osteuropa zu schaffen, insbesondere f\u00fcr Kinder! Unterst\u00fctzen Sie uns mit Ihrer Spende!","breadcrumb":{"@id":"https:\/\/build-grow.org\/donate\/#breadcrumb"},"inLanguage":"de","potentialAction":[{"@type":"ReadAction","target":["https:\/\/build-grow.org\/donate\/"]}]},{"@type":"ImageObject","inLanguage":"de","@id":"https:\/\/build-grow.org\/donate\/#primaryimage","url":"https:\/\/www.paypal.com\/de_DE\/i\/scr\/pixel.gif","contentUrl":"https:\/\/www.paypal.com\/de_DE\/i\/scr\/pixel.gif"},{"@type":"BreadcrumbList","@id":"https:\/\/build-grow.org\/donate\/#breadcrumb","itemListElement":[{"@type":"ListItem","position":1,"name":"Build &amp; Grow e.V.","item":"https:\/\/build-grow.org\/de\/"},{"@type":"ListItem","position":2,"name":"Spenden"}]},{"@type":"WebSite","@id":"https:\/\/build-grow.org\/#website","url":"https:\/\/build-grow.org\/","name":"Build &amp; Grow e.V.","description":"Build homes, change lives, grow together","publisher":{"@id":"https:\/\/build-grow.org\/#organization"},"potentialAction":[{"@type":"SearchAction","target":{"@type":"EntryPoint","urlTemplate":"https:\/\/build-grow.org\/?s={search_term_string}"},"query-input":{"@type":"PropertyValueSpecification","valueRequired":true,"valueName":"search_term_string"}}],"inLanguage":"de"},{"@type":"Organization","@id":"https:\/\/build-grow.org\/#organization","name":"Build & Grow e.V.","url":"https:\/\/build-grow.org\/","logo":{"@type":"ImageObject","inLanguage":"de","@id":"https:\/\/build-grow.org\/#\/schema\/logo\/image\/","url":"https:\/\/build-grow.org\/wp-content\/uploads\/2018\/08\/build-grow.jpg","contentUrl":"https:\/\/build-grow.org\/wp-content\/uploads\/2018\/08\/build-grow.jpg","width":450,"height":450,"caption":"Build & Grow e.V."},"image":{"@id":"https:\/\/build-grow.org\/#\/schema\/logo\/image\/"},"sameAs":["https:\/\/www.facebook.com\/BuildandGrowTogether\/","https:\/\/x.com\/Build_Grow","https:\/\/www.instagram.com\/buildgrow\/","https:\/\/www.linkedin.com\/company\/build-grow\/"]}]}},"_links":{"self":[{"href":"https:\/\/build-grow.org\/de\/wp-json\/wp\/v2\/pages\/7387","targetHints":{"allow":["GET"]}}],"collection":[{"href":"https:\/\/build-grow.org\/de\/wp-json\/wp\/v2\/pages"}],"about":[{"href":"https:\/\/build-grow.org\/de\/wp-json\/wp\/v2\/types\/page"}],"author":[{"embeddable":true,"href":"https:\/\/build-grow.org\/de\/wp-json\/wp\/v2\/users\/1"}],"replies":[{"embeddable":true,"href":"https:\/\/build-grow.org\/de\/wp-json\/wp\/v2\/comments?post=7387"}],"version-history":[{"count":7,"href":"https:\/\/build-grow.org\/de\/wp-json\/wp\/v2\/pages\/7387\/revisions"}],"predecessor-version":[{"id":7446,"href":"https:\/\/build-grow.org\/de\/wp-json\/wp\/v2\/pages\/7387\/revisions\/7446"}],"wp:attachment":[{"href":"https:\/\/build-grow.org\/de\/wp-json\/wp\/v2\/media?parent=7387"}],"curies":[{"name":"wp","href":"https:\/\/api.w.org\/{rel}","templated":true}]}}